{"id":2487,"date":"2025-10-18T21:39:39","date_gmt":"2025-10-18T21:39:39","guid":{"rendered":"https:\/\/domainedelavialette.com\/?page_id=2487"},"modified":"2025-10-18T21:39:39","modified_gmt":"2025-10-18T21:39:39","slug":"politique-de-confidentialite","status":"publish","type":"page","link":"https:\/\/domainedelavialette.com\/en\/politique-de-confidentialite\/","title":{"rendered":"Privacy Policy"},"content":{"rendered":"<div class=\"wp-block-nectar-blocks-row alignfull nectar-block nectar-blocks-row nectar-blocks-row__wrapper parent-block-Section1\" id=\"Section1\"><div class=\"nectar-blocks-row__inner is-contained-content parent-block-Section1\">\n<div class=\"wp-block-nectar-blocks-column nectar-blocks-column nectar-block\" id=\"block-iSKHCwcEdx\"><div class=\"nectar-blocks-column__wrapper parent-block-block-iSKHCwcEdx\"><div class=\"nectar-blocks-column__inner nectar-blocks-column__content-wrap parent-block-block-iSKHCwcEdx\">\n<h2 id=\"block-kwDsPt4t6G\" class=\"wp-block-nectar-blocks-text nectar-blocks-text nectar-font-h1\">Domaine de la Vialette - Politique de Confidentialit\u00e9<\/h2>\n\n\n\n<div class=\"wp-block-nectar-blocks-divider nectar-blocks-divider\" id=\"block-WuPRil1573\"><div class=\"nectar-blocks-divider__inner\"><div class=\"nectar__bg-layers parent-block-block-WuPRil1573\"><div class=\"nectar__bg-layer nectar__bg-color\"><\/div><\/div><span class=\"nectar-blocks-divider__line\"><\/span><\/div><\/div>\n\n\n\n<div class=\"wp-block-nectar-blocks-flex-box nectar-block nectar-blocks-flex-box nectar-blocks-flex-box__inner nectar-blocks-flex-box__wrapper parent-block-block-GjQe8XC7bi\" id=\"block-GjQe8XC7bi\">\n<h2 id=\"block-m4NjbejKR2\" class=\"wp-block-nectar-blocks-text nectar-blocks-text nectar-font-h2\">1. Collecte des donn\u00e9es personnelles<\/h2>\n\n\n\n<p id=\"block-KJITiaiSF3\" class=\"wp-block-nectar-blocks-text nectar-blocks-text nectar-font-body\">Nous collectons des donn\u00e9es personnelles vous concernant lorsque vous utilisez notre site Web ou effectuez une r\u00e9servation, notamment :<\/p>\n\n\n\n<ul class=\"wp-block-list\">\n<li>vos noms, pr\u00e9noms, civilit\u00e9<\/li>\n\n\n\n<li>adresse postale, adresse email, num\u00e9ro de t\u00e9l\u00e9phone<\/li>\n\n\n\n<li>informations de paiement (le cas \u00e9ch\u00e9ant)<\/li>\n\n\n\n<li>dates de r\u00e9servation, nombre de personnes, choix de services annexes<\/li>\n\n\n\n<li>donn\u00e9es techniques (adresse IP, logs serveur, informations de navigation, cookies)<\/li>\n\n\n\n<li>\u00e9ventuelles donn\u00e9es li\u00e9es \u00e0 l\u2019organisation d\u2019\u00e9v\u00e9nements (invitations, logistique)<\/li>\n<\/ul>\n\n\n\n<p id=\"block-u2w7xviBId\" class=\"wp-block-nectar-blocks-text nectar-blocks-text nectar-font-body\">Certaines donn\u00e9es sont n\u00e9cessaires \u00e0 la r\u00e9alisation du contrat (ex\u00e9cution de la r\u00e9servation), d\u2019autres rel\u00e8vent du consentement pour des finalit\u00e9s marketing ou statistiques.<\/p>\n<\/div>\n\n\n\n<div class=\"wp-block-nectar-blocks-divider nectar-blocks-divider\" id=\"block-57On7d9q1L\"><div class=\"nectar-blocks-divider__inner\"><div class=\"nectar__bg-layers parent-block-block-57On7d9q1L\"><div class=\"nectar__bg-layer nectar__bg-color\"><\/div><\/div><span class=\"nectar-blocks-divider__line\"><\/span><\/div><\/div>\n\n\n\n<div class=\"wp-block-nectar-blocks-flex-box nectar-block nectar-blocks-flex-box nectar-blocks-flex-box__inner nectar-blocks-flex-box__wrapper parent-block-block-CdgTO7bypu\" id=\"block-CdgTO7bypu\">\n<h2 id=\"block-MlTkoTOQhv\" class=\"wp-block-nectar-blocks-text nectar-blocks-text nectar-font-h2\">2. Finalit\u00e9s du traitement<\/h2>\n\n\n\n<p id=\"block-JDO5byT1cf\" class=\"wp-block-nectar-blocks-text nectar-blocks-text nectar-font-body\">Les donn\u00e9es collect\u00e9es sont utilis\u00e9es pour :<\/p>\n\n\n\n<ul class=\"wp-block-list\">\n<li>traiter la r\u00e9servation, g\u00e9rer le s\u00e9jour \/ \u00e9v\u00e9nement<\/li>\n\n\n\n<li>assurer la facturation et le suivi administratif<\/li>\n\n\n\n<li>communiquer avec les clients (confirmation, rappel, modifications)<\/li>\n\n\n\n<li>am\u00e9liorer l\u2019exp\u00e9rience utilisateur, analyses statistiques, optimisation du site<\/li>\n\n\n\n<li>assurer la s\u00e9curit\u00e9 du site, lutte contre la fraude<\/li>\n\n\n\n<li>envoyer des offres promotionnelles ou newsletters (avec consentement)<\/li>\n\n\n\n<li>respecter nos obligations l\u00e9gales ou r\u00e9glementaires<\/li>\n<\/ul>\n<\/div>\n\n\n\n<div class=\"wp-block-nectar-blocks-divider nectar-blocks-divider\" id=\"block-6xeapMnd2Z\"><div class=\"nectar-blocks-divider__inner\"><div class=\"nectar__bg-layers parent-block-block-6xeapMnd2Z\"><div class=\"nectar__bg-layer nectar__bg-color\"><\/div><\/div><span class=\"nectar-blocks-divider__line\"><\/span><\/div><\/div>\n\n\n\n<div class=\"wp-block-nectar-blocks-flex-box nectar-block nectar-blocks-flex-box nectar-blocks-flex-box__inner nectar-blocks-flex-box__wrapper parent-block-block-ppSi1rR3IJ\" id=\"block-ppSi1rR3IJ\">\n<h2 id=\"block-sC69co5mUa\" class=\"wp-block-nectar-blocks-text nectar-blocks-text nectar-font-h2\">3. Base l\u00e9gale du traitement<\/h2>\n\n\n\n<p id=\"block-RyLEDP4BTf\" class=\"wp-block-nectar-blocks-text nectar-blocks-text nectar-font-body\">Les traitements reposent sur les bases l\u00e9gales suivantes :<\/p>\n\n\n\n<ul class=\"wp-block-list\">\n<li>ex\u00e9cution du contrat (r\u00e9servation, prestation)<\/li>\n\n\n\n<li>obligations l\u00e9gales (comptabilit\u00e9, archives, fisc, s\u00e9curit\u00e9)<\/li>\n\n\n\n<li>consentement (pour les communications marketing, newsletters)<\/li>\n\n\n\n<li>int\u00e9r\u00eats l\u00e9gitimes (am\u00e9lioration du site, lutte contre la fraude)<\/li>\n<\/ul>\n<\/div>\n\n\n\n<div class=\"wp-block-nectar-blocks-divider nectar-blocks-divider\" id=\"block-bA0uMkSegH\"><div class=\"nectar-blocks-divider__inner\"><div class=\"nectar__bg-layers parent-block-block-bA0uMkSegH\"><div class=\"nectar__bg-layer nectar__bg-color\"><\/div><\/div><span class=\"nectar-blocks-divider__line\"><\/span><\/div><\/div>\n\n\n\n<div class=\"wp-block-nectar-blocks-flex-box nectar-block nectar-blocks-flex-box nectar-blocks-flex-box__inner nectar-blocks-flex-box__wrapper parent-block-block-qavZ2GnSx8\" id=\"block-qavZ2GnSx8\">\n<h2 id=\"block-ymRYtsPxDm\" class=\"wp-block-nectar-blocks-text nectar-blocks-text nectar-font-h2\">4. Destinataires des donn\u00e9es<\/h2>\n\n\n\n<p id=\"block-sto0RT8Y38\" class=\"wp-block-nectar-blocks-text nectar-blocks-text nectar-font-body\">Les donn\u00e9es peuvent \u00eatre partag\u00e9es avec :<\/p>\n\n\n\n<ul class=\"wp-block-list\">\n<li>nos prestataires et sous-traitants (h\u00e9bergement web, plateforme de r\u00e9servation, paiement, messagerie)<\/li>\n\n\n\n<li>autorit\u00e9s l\u00e9gales ou judiciaires le cas \u00e9ch\u00e9ant<\/li>\n\n\n\n<li>partenaires organisateurs dans le cadre d\u2019un \u00e9v\u00e9nement (avec votre accord)<\/li>\n<\/ul>\n\n\n\n<p id=\"block-kbuUav1Ndj\" class=\"wp-block-nectar-blocks-text nectar-blocks-text nectar-font-body\">Nos sous-traitants sont li\u00e9s par des clauses de confidentialit\u00e9 et ne peuvent utiliser les donn\u00e9es que dans le cadre d\u00e9fini.<\/p>\n<\/div>\n\n\n\n<div class=\"wp-block-nectar-blocks-divider nectar-blocks-divider\" id=\"block-TMzA1EO4zg\"><div class=\"nectar-blocks-divider__inner\"><div class=\"nectar__bg-layers parent-block-block-TMzA1EO4zg\"><div class=\"nectar__bg-layer nectar__bg-color\"><\/div><\/div><span class=\"nectar-blocks-divider__line\"><\/span><\/div><\/div>\n\n\n\n<div class=\"wp-block-nectar-blocks-flex-box nectar-block nectar-blocks-flex-box nectar-blocks-flex-box__inner nectar-blocks-flex-box__wrapper parent-block-block-37OSl25wn7\" id=\"block-37OSl25wn7\">\n<h2 id=\"block-Tl9PA8fLir\" class=\"wp-block-nectar-blocks-text nectar-blocks-text nectar-font-h2\">5. Dur\u00e9e de conservation<\/h2>\n\n\n\n<p id=\"block-RoMUKJw0MP\" class=\"wp-block-nectar-blocks-text nectar-blocks-text nectar-font-body\">Les donn\u00e9es clients sont conserv\u00e9es autant que n\u00e9cessaire pour les finalit\u00e9s (ex\u00e9cution de la r\u00e9servation, relation cliente).<br>Les donn\u00e9es sensibles (paiement) sont supprim\u00e9es ou anonymis\u00e9es selon la r\u00e9glementation.<br>La conservation respecte les dur\u00e9es l\u00e9gales (par exemple 5 ans pour comptabilit\u00e9, 3 ans pour r\u00e9clamations commerciales, etc.).<\/p>\n<\/div>\n\n\n\n<div class=\"wp-block-nectar-blocks-divider nectar-blocks-divider\" id=\"block-ycTcu4KKZj\"><div class=\"nectar-blocks-divider__inner\"><div class=\"nectar__bg-layers parent-block-block-ycTcu4KKZj\"><div class=\"nectar__bg-layer nectar__bg-color\"><\/div><\/div><span class=\"nectar-blocks-divider__line\"><\/span><\/div><\/div>\n\n\n\n<div class=\"wp-block-nectar-blocks-flex-box nectar-block nectar-blocks-flex-box nectar-blocks-flex-box__inner nectar-blocks-flex-box__wrapper parent-block-block-DcgTlvSthe\" id=\"block-DcgTlvSthe\">\n<h2 id=\"block-C0zzZIxpdB\" class=\"wp-block-nectar-blocks-text nectar-blocks-text nectar-font-h2\">6. Droits des personnes<\/h2>\n\n\n\n<p id=\"block-xJmzgASpON\" class=\"wp-block-nectar-blocks-text nectar-blocks-text nectar-font-body\">Conform\u00e9ment au RGPD, vous disposez des droits :<\/p>\n\n\n\n<ul class=\"wp-block-list\">\n<li><strong>droit d\u2019acc\u00e8s<\/strong>\u00a0: obtenir une copie des donn\u00e9es vous concernant<\/li>\n\n\n\n<li><strong>droit de rectification<\/strong>\u00a0: corriger les donn\u00e9es inexactes ou incompl\u00e8tes<\/li>\n\n\n\n<li><strong>droit \u00e0 l\u2019effacement<\/strong>\u00a0: demander la suppression des donn\u00e9es, sous r\u00e9serve des obligations l\u00e9gales<\/li>\n\n\n\n<li><strong>droit \u00e0 la limitation<\/strong>\u00a0: demander la suspension du traitement dans certains cas<\/li>\n\n\n\n<li><strong>droit \u00e0 la portabilit\u00e9<\/strong>\u00a0: obtenir vos donn\u00e9es dans un format structur\u00e9 et les transmettre \u00e0 un autre responsable<\/li>\n\n\n\n<li><strong>droit d\u2019opposition<\/strong>\u00a0: notamment pour le marketing direct<\/li>\n\n\n\n<li><strong>droit de retirer le consentement<\/strong>\u00a0: \u00e0 tout moment, sans affecter la l\u00e9galit\u00e9 du traitement ant\u00e9rieur<\/li>\n\n\n\n<li><strong>droit de d\u00e9poser une r\u00e9clamation<\/strong>\u00a0aupr\u00e8s de la CNIL (Commission nationale de l\u2019informatique et des libert\u00e9s)<\/li>\n<\/ul>\n\n\n\n<p id=\"block-gRKMkfBIS0\" class=\"wp-block-nectar-blocks-text nectar-blocks-text\">Pour exercer vos droits, vous pouvez contacter : <br>SARL LA VIALETTE <br>Domaine de la Vialette, D998, 48500 La Canourgue<br>Email :\u00a0domaine.delavialette@gmail.com<br>T\u00e9l\u00e9phone : 04 66 32 83 00<\/p>\n\n\n\n<p id=\"block-3kwBurUTTi\" class=\"wp-block-nectar-blocks-text nectar-blocks-text nectar-font-body\">Nous r\u00e9pondrons dans les meilleurs d\u00e9lais, et au plus tard dans les d\u00e9lais l\u00e9gaux (un mois, prolongation possible dans certains cas).<\/p>\n<\/div>\n\n\n\n<div class=\"wp-block-nectar-blocks-divider nectar-blocks-divider\" id=\"block-GwRhgoz36L\"><div class=\"nectar-blocks-divider__inner\"><div class=\"nectar__bg-layers parent-block-block-GwRhgoz36L\"><div class=\"nectar__bg-layer nectar__bg-color\"><\/div><\/div><span class=\"nectar-blocks-divider__line\"><\/span><\/div><\/div>\n\n\n\n<div class=\"wp-block-nectar-blocks-flex-box nectar-block nectar-blocks-flex-box nectar-blocks-flex-box__inner nectar-blocks-flex-box__wrapper parent-block-block-XJ3gH49kKe\" id=\"block-XJ3gH49kKe\">\n<h2 id=\"block-BKNz4pfdDH\" class=\"wp-block-nectar-blocks-text nectar-blocks-text nectar-font-h2\">7. S\u00e9curit\u00e9 des donn\u00e9es<\/h2>\n\n\n\n<p id=\"block-A3JnjpORfd\" class=\"wp-block-nectar-blocks-text nectar-blocks-text nectar-font-body\">Nous mettons en \u0153uvre des mesures techniques, organisationnelles et logicielles afin de garantir la confidentialit\u00e9, l\u2019int\u00e9grit\u00e9 et la disponibilit\u00e9 des donn\u00e9es (pare-feu, chiffrement, contr\u00f4le d\u2019acc\u00e8s, sauvegardes).<br>Seul le personnel habilit\u00e9 a acc\u00e8s aux donn\u00e9es.<br>En cas de violation de donn\u00e9es \u00e0 caract\u00e8re personnel, nous informerons les autorit\u00e9s comp\u00e9tentes et les personnes concern\u00e9es si n\u00e9cessaire, selon les obligations l\u00e9gales.<\/p>\n<\/div>\n\n\n\n<div class=\"wp-block-nectar-blocks-divider nectar-blocks-divider\" id=\"block-e46KseaTN9\"><div class=\"nectar-blocks-divider__inner\"><div class=\"nectar__bg-layers parent-block-block-e46KseaTN9\"><div class=\"nectar__bg-layer nectar__bg-color\"><\/div><\/div><span class=\"nectar-blocks-divider__line\"><\/span><\/div><\/div>\n\n\n\n<div class=\"wp-block-nectar-blocks-flex-box nectar-block nectar-blocks-flex-box nectar-blocks-flex-box__inner nectar-blocks-flex-box__wrapper parent-block-block-na3WQRIQPv\" id=\"block-na3WQRIQPv\">\n<h2 id=\"block-3KS2tPrt36\" class=\"wp-block-nectar-blocks-text nectar-blocks-text nectar-font-h2\">8. Cookies<\/h2>\n\n\n\n<p id=\"block-FkMBs1eDMS\" class=\"wp-block-nectar-blocks-text nectar-blocks-text nectar-font-body\">Le site utilise des cookies pour :<\/p>\n\n\n\n<ul class=\"wp-block-list\">\n<li>m\u00e9moriser vos pr\u00e9f\u00e9rences<\/li>\n\n\n\n<li>assurer le bon fonctionnement du site<\/li>\n\n\n\n<li>r\u00e9aliser des statistiques anonymes de fr\u00e9quentation<\/li>\n\n\n\n<li>proposer des services tiers (ex. Google Analytics)<\/li>\n<\/ul>\n\n\n\n<p id=\"block-ymqEX7AJbh\" class=\"wp-block-nectar-blocks-text nectar-blocks-text nectar-font-body\">Vous pouvez accepter, refuser ou retirer votre consentement aux cookies. Les cookies essentiels n\u00e9cessaires au fonctionnement du site sont toujours activ\u00e9s. La politique cookies (avec liste des cookies, dur\u00e9e, finalit\u00e9s) est disponible sur le site.<\/p>\n<\/div>\n\n\n\n<div class=\"wp-block-nectar-blocks-divider nectar-blocks-divider\" id=\"block-MYNM1kf3Av\"><div class=\"nectar-blocks-divider__inner\"><div class=\"nectar__bg-layers parent-block-block-MYNM1kf3Av\"><div class=\"nectar__bg-layer nectar__bg-color\"><\/div><\/div><span class=\"nectar-blocks-divider__line\"><\/span><\/div><\/div>\n\n\n\n<div class=\"wp-block-nectar-blocks-flex-box nectar-block nectar-blocks-flex-box nectar-blocks-flex-box__inner nectar-blocks-flex-box__wrapper parent-block-block-K3cXaX8NPn\" id=\"block-K3cXaX8NPn\">\n<h2 id=\"block-PV1LvIR6sH\" class=\"wp-block-nectar-blocks-text nectar-blocks-text nectar-font-h2\">9. Modifications de la politique<\/h2>\n\n\n\n<p id=\"block-IyrBmAMBfK\" class=\"wp-block-nectar-blocks-text nectar-blocks-text nectar-font-body\">Nous pouvons mettre \u00e0 jour cette politique de confidentialit\u00e9 \u00e0 tout moment. La version en vigueur sera affich\u00e9e sur le site, avec date de mise \u00e0 jour. Nous vous invitons \u00e0 la consulter r\u00e9guli\u00e8rement.<\/p>\n<\/div>\n<\/div><\/div><\/div>\n<\/div><\/div>","protected":false},"excerpt":{"rendered":"","protected":false},"author":5,"featured_media":0,"parent":0,"menu_order":0,"comment_status":"closed","ping_status":"closed","template":"","meta":{"_nectar_blocks_hide_post_title":false,"_nectar_blocks_transparent_header_effect":false,"_nectar_blocks_transparent_header_effect_color":"light","_nectar_blocks_header_animation":false,"_nectar_blocks_header_animation_delay":0,"_nectar_blocks_header_animation_effect":"fade","_nectar_blocks_page_css":"","_nectar_blocks_page_js":"","footnotes":""},"class_list":["post-2487","page","type-page","status-publish"],"_links":{"self":[{"href":"https:\/\/domainedelavialette.com\/en\/wp-json\/wp\/v2\/pages\/2487","targetHints":{"allow":["GET"]}}],"collection":[{"href":"https:\/\/domainedelavialette.com\/en\/wp-json\/wp\/v2\/pages"}],"about":[{"href":"https:\/\/domainedelavialette.com\/en\/wp-json\/wp\/v2\/types\/page"}],"author":[{"embeddable":true,"href":"https:\/\/domainedelavialette.com\/en\/wp-json\/wp\/v2\/users\/5"}],"replies":[{"embeddable":true,"href":"https:\/\/domainedelavialette.com\/en\/wp-json\/wp\/v2\/comments?post=2487"}],"version-history":[{"count":1,"href":"https:\/\/domainedelavialette.com\/en\/wp-json\/wp\/v2\/pages\/2487\/revisions"}],"predecessor-version":[{"id":2488,"href":"https:\/\/domainedelavialette.com\/en\/wp-json\/wp\/v2\/pages\/2487\/revisions\/2488"}],"wp:attachment":[{"href":"https:\/\/domainedelavialette.com\/en\/wp-json\/wp\/v2\/media?parent=2487"}],"curies":[{"name":"wp","href":"https:\/\/api.w.org\/{rel}","templated":true}]}}